{"id":105,"date":"2018-09-18T16:44:46","date_gmt":"2018-09-18T16:44:46","guid":{"rendered":"https:\/\/mitabaro.de\/?page_id=105"},"modified":"2019-03-06T15:18:47","modified_gmt":"2019-03-06T14:18:47","slug":"bandklasse","status":"publish","type":"page","link":"https:\/\/willi-ulfig-ms.schulen.regensburg.de\/?page_id=105","title":{"rendered":"Bandklasse"},"content":{"rendered":"<p><strong>Die Bandklasse \u2013 das musiziernde Klassenzimmer<\/strong><\/p>\n<p><strong>klasse.im.puls<\/strong><\/p>\n<p>ist das bundesweit erste musikp\u00e4dagogische F\u00f6rderprogramm, das die Einrichtung von Musikklassen an bayerischen Mittel- und Realschulen unterst\u00fctzt. Es wurde 2009 auf Initiative der Professur Musikp\u00e4dagogik der Friedrich-Alexander-Universit\u00e4t Erlangen-N\u00fcrnberg gegr\u00fcndet. Unter der Schirmherrschaft des Bayerischen Staatsministeriums f\u00fcr Unterricht und Kultus und mit finanzieller Unterst\u00fctzung der Schulen durch den Bayerischen Sparkassenverband stellt <strong>klasse.im.puls<\/strong> das aktive Musikmachen in den Mittelpunkt des Musikunterrichts der Sekundarstufe I.<\/p>\n<p>In unserer Schule nehmen an diesem F\u00f6rderprogramm gleich zwei Klassen mit viel Freude und Eifer teil<\/p>\n<div id='gallery-1' class='gallery galleryid-105 gallery-columns-3 gallery-size-medium'><figure class='gallery-item'>\n\t\t\t<div class='gallery-icon landscape'>\n\t\t\t\t<a href='https:\/\/willi-ulfig-ms.schulen.regensburg.de\/?attachment_id=1631'><img loading=\"lazy\" decoding=\"async\" width=\"300\" height=\"225\" src=\"https:\/\/willi-ulfig-ms.schulen.regensburg.de\/wp-content\/uploads\/2019\/03\/bandklasse4-300x225.jpg\" class=\"attachment-medium size-medium\" alt=\"\" srcset=\"https:\/\/willi-ulfig-ms.schulen.regensburg.de\/wp-content\/uploads\/2019\/03\/bandklasse4-300x225.jpg 300w, https:\/\/willi-ulfig-ms.schulen.regensburg.de\/wp-content\/uploads\/2019\/03\/bandklasse4-768x575.jpg 768w, https:\/\/willi-ulfig-ms.schulen.regensburg.de\/wp-content\/uploads\/2019\/03\/bandklasse4.jpg 981w\" sizes=\"auto, (max-width: 300px) 100vw, 300px\" \/><\/a>\n\t\t\t<\/div><\/figure><figure class='gallery-item'>\n\t\t\t<div class='gallery-icon portrait'>\n\t\t\t\t<a href='https:\/\/willi-ulfig-ms.schulen.regensburg.de\/?attachment_id=1641'><img loading=\"lazy\" decoding=\"async\" width=\"225\" height=\"300\" src=\"https:\/\/willi-ulfig-ms.schulen.regensburg.de\/wp-content\/uploads\/2019\/03\/Bandklasse7-e1551881823543-225x300.jpg\" class=\"attachment-medium size-medium\" alt=\"\" srcset=\"https:\/\/willi-ulfig-ms.schulen.regensburg.de\/wp-content\/uploads\/2019\/03\/Bandklasse7-e1551881823543-225x300.jpg 225w, https:\/\/willi-ulfig-ms.schulen.regensburg.de\/wp-content\/uploads\/2019\/03\/Bandklasse7-e1551881823543-768x1024.jpg 768w\" sizes=\"auto, (max-width: 225px) 100vw, 225px\" \/><\/a>\n\t\t\t<\/div><\/figure><figure class='gallery-item'>\n\t\t\t<div class='gallery-icon landscape'>\n\t\t\t\t<a href='https:\/\/willi-ulfig-ms.schulen.regensburg.de\/?attachment_id=1630'><img loading=\"lazy\" decoding=\"async\" width=\"300\" height=\"225\" src=\"https:\/\/willi-ulfig-ms.schulen.regensburg.de\/wp-content\/uploads\/2019\/03\/bandklasse-2-e1551881450293-300x225.jpg\" class=\"attachment-medium size-medium\" alt=\"\" srcset=\"https:\/\/willi-ulfig-ms.schulen.regensburg.de\/wp-content\/uploads\/2019\/03\/bandklasse-2-e1551881450293-300x225.jpg 300w, https:\/\/willi-ulfig-ms.schulen.regensburg.de\/wp-content\/uploads\/2019\/03\/bandklasse-2-e1551881450293.jpg 678w\" sizes=\"auto, (max-width: 300px) 100vw, 300px\" \/><\/a>\n\t\t\t<\/div><\/figure><figure class='gallery-item'>\n\t\t\t<div class='gallery-icon portrait'>\n\t\t\t\t<a href='https:\/\/willi-ulfig-ms.schulen.regensburg.de\/?attachment_id=1632'><img loading=\"lazy\" decoding=\"async\" width=\"225\" height=\"300\" src=\"https:\/\/willi-ulfig-ms.schulen.regensburg.de\/wp-content\/uploads\/2019\/03\/bandklasse3-e1551881378412-225x300.jpg\" class=\"attachment-medium size-medium\" alt=\"\" srcset=\"https:\/\/willi-ulfig-ms.schulen.regensburg.de\/wp-content\/uploads\/2019\/03\/bandklasse3-e1551881378412-225x300.jpg 225w, https:\/\/willi-ulfig-ms.schulen.regensburg.de\/wp-content\/uploads\/2019\/03\/bandklasse3-e1551881378412-768x1024.jpg 768w\" sizes=\"auto, (max-width: 225px) 100vw, 225px\" \/><\/a>\n\t\t\t<\/div><\/figure><figure class='gallery-item'>\n\t\t\t<div class='gallery-icon portrait'>\n\t\t\t\t<a href='https:\/\/willi-ulfig-ms.schulen.regensburg.de\/?attachment_id=1628'><img loading=\"lazy\" decoding=\"async\" width=\"225\" height=\"300\" src=\"https:\/\/willi-ulfig-ms.schulen.regensburg.de\/wp-content\/uploads\/2019\/03\/bandklasse-e1551881285429-225x300.jpg\" class=\"attachment-medium size-medium\" alt=\"\" srcset=\"https:\/\/willi-ulfig-ms.schulen.regensburg.de\/wp-content\/uploads\/2019\/03\/bandklasse-e1551881285429-225x300.jpg 225w, https:\/\/willi-ulfig-ms.schulen.regensburg.de\/wp-content\/uploads\/2019\/03\/bandklasse-e1551881285429-768x1024.jpg 768w\" sizes=\"auto, (max-width: 225px) 100vw, 225px\" \/><\/a>\n\t\t\t<\/div><\/figure><figure class='gallery-item'>\n\t\t\t<div class='gallery-icon portrait'>\n\t\t\t\t<a href='https:\/\/willi-ulfig-ms.schulen.regensburg.de\/?attachment_id=1639'><img loading=\"lazy\" decoding=\"async\" width=\"225\" height=\"300\" src=\"https:\/\/willi-ulfig-ms.schulen.regensburg.de\/wp-content\/uploads\/2019\/03\/Bandklasse5-e1551881686381-225x300.jpg\" class=\"attachment-medium size-medium\" alt=\"\" srcset=\"https:\/\/willi-ulfig-ms.schulen.regensburg.de\/wp-content\/uploads\/2019\/03\/Bandklasse5-e1551881686381-225x300.jpg 225w, https:\/\/willi-ulfig-ms.schulen.regensburg.de\/wp-content\/uploads\/2019\/03\/Bandklasse5-e1551881686381-768x1024.jpg 768w\" sizes=\"auto, (max-width: 225px) 100vw, 225px\" \/><\/a>\n\t\t\t<\/div><\/figure>\n\t\t<\/div>\n\n<p>.<\/p>\n<p>&nbsp;<\/p>\n","protected":false},"excerpt":{"rendered":"<p>Die Bandklasse \u2013 das musiziernde Klassenzimmer klasse.im.puls ist das bundesweit erste musikp\u00e4dagogische F\u00f6rderprogramm, das die Einrichtung von Musikklassen an bayerischen Mittel- und Realschulen unterst\u00fctzt. Es wurde 2009 auf Initiative der Professur Musikp\u00e4dagogik der Friedrich-Alexander-Universit\u00e4t Erlangen-N\u00fcrnberg gegr\u00fcndet. Unter der Schirmherrschaft des Bayerischen Staatsministeriums f\u00fcr Unterricht und Kultus und mit finanzieller Unterst\u00fctzung der Schulen durch den Bayerischen [&hellip;]<\/p>\n","protected":false},"author":2,"featured_media":0,"parent":0,"menu_order":0,"comment_status":"closed","ping_status":"closed","template":"","meta":{"footnotes":""},"class_list":["post-105","page","type-page","status-publish","hentry"],"_links":{"self":[{"href":"https:\/\/willi-ulfig-ms.schulen.regensburg.de\/index.php?rest_route=\/wp\/v2\/pages\/105","targetHints":{"allow":["GET"]}}],"collection":[{"href":"https:\/\/willi-ulfig-ms.schulen.regensburg.de\/index.php?rest_route=\/wp\/v2\/pages"}],"about":[{"href":"https:\/\/willi-ulfig-ms.schulen.regensburg.de\/index.php?rest_route=\/wp\/v2\/types\/page"}],"author":[{"embeddable":true,"href":"https:\/\/willi-ulfig-ms.schulen.regensburg.de\/index.php?rest_route=\/wp\/v2\/users\/2"}],"replies":[{"embeddable":true,"href":"https:\/\/willi-ulfig-ms.schulen.regensburg.de\/index.php?rest_route=%2Fwp%2Fv2%2Fcomments&post=105"}],"version-history":[{"count":6,"href":"https:\/\/willi-ulfig-ms.schulen.regensburg.de\/index.php?rest_route=\/wp\/v2\/pages\/105\/revisions"}],"predecessor-version":[{"id":1643,"href":"https:\/\/willi-ulfig-ms.schulen.regensburg.de\/index.php?rest_route=\/wp\/v2\/pages\/105\/revisions\/1643"}],"wp:attachment":[{"href":"https:\/\/willi-ulfig-ms.schulen.regensburg.de\/index.php?rest_route=%2Fwp%2Fv2%2Fmedia&parent=105"}],"curies":[{"name":"wp","href":"https:\/\/api.w.org\/{rel}","templated":true}]}}