{"id":157,"date":"2018-09-18T17:10:28","date_gmt":"2018-09-18T17:10:28","guid":{"rendered":"https:\/\/mitabaro.de\/?page_id=157"},"modified":"2026-04-04T21:00:16","modified_gmt":"2026-04-04T19:00:16","slug":"quali","status":"publish","type":"page","link":"https:\/\/willi-ulfig-ms.schulen.regensburg.de\/?page_id=157","title":{"rendered":"QA (Qualifizierender Mittelschulabschluss)"},"content":{"rendered":"<p><span style=\"font-size: 14pt;\"><strong>Termine QA 2026:<\/strong><\/span><\/p>\n<p>15.05.2026 <strong>K\/Ev\/Eth\/Isl, Ku\/Mu, Inf (schriftlich), Sport (Theorie &#8211; schriftlich)<\/strong><\/p>\n<p>18.05.- 21.05.2026 <strong>Sport (praktisch)<\/strong><\/p>\n<p>21.05. + 22.05.2026 <strong>DaZ m\u00fcndlich<\/strong><\/p>\n<p>09.06.\/10.06.\/11.06.2026 <strong>Englisch (m\u00fcndlich)<\/strong><\/p>\n<p>29.06.2026 <strong>Schriftliche Pr\u00fcfung Englisch<\/strong><\/p>\n<p>30.06.2026 <strong>Schriftliche Pr\u00fcfung Deutsch\/DaZ<\/strong><\/p>\n<p>01.07.2026 <strong>Schriftliche Pr\u00fcfung Mathematik<\/strong><\/p>\n<p>02.06.2026 <strong>Schriftliche Pr\u00fcfung<\/strong> GPG<\/p>\n<p>03.06.2026 <strong>Schriftliche Pr\u00fcfung<\/strong> NT<\/p>\n<p>&nbsp;<\/p>\n<p><strong>Projektpr\u00fcfung:<\/strong><\/p>\n<p>12.06.2026 Leittext\/Planungsphase<\/p>\n<p>15.06.-18.06.2026 Durchf\u00fchrungsphase\/Pr\u00e4sentationen<\/p>\n<p>&nbsp;<\/p>\n<p>08.07.-09.07.2025 M\u00fcndliche Pr\u00fcfungen<\/p>\n<p>&nbsp;<\/p>\n<p>25.07.\/28.07.2025 Anmeldung M10<\/p>\n<p>29.07.\/30.07.2025 Aufnahmepr\u00fcfungen<\/p>\n<p>&nbsp;<\/p>\n<p><span style=\"font-size: 14pt;\"><strong>Termine vom letzten Jahrgang:<\/strong><\/span><\/p>\n<p>&nbsp;<\/p>\n<p>02.05.2025 <strong>Sport (Theorie &#8211; schriftlich)<\/strong><\/p>\n<p>02.05.2025 <strong>K\/Ev\/Eth\/Isl, Ku\/Mu, Inf (schriftlich)<\/strong><\/p>\n<p>14.05.2025 <strong>DaZ m\u00fcndlich<\/strong><\/p>\n<p>22.05. + 23.05.2025 <strong>Englisch (m\u00fcndlich)<\/strong><\/p>\n<p>26.05.-28.05.2025 <strong>Sport (Praxis)<\/strong><\/p>\n<p>30.06.- 03.07.2025 <strong>Schriftliche Pr\u00fcfungen<\/strong> E, D\/DaZ, M, GPG\/NT<\/p>\n<p>&nbsp;<\/p>\n<p><strong>Projektpr\u00fcfung:<\/strong><\/p>\n<p>04.04.2025 Leittext\/Planungsphase<\/p>\n<p>07.04.-10.04.2025 Durchf\u00fchrungsphase\/Pr\u00e4sentationen<\/p>\n<p>&nbsp;<\/p>\n<p>08.07.-09.07.2025 M\u00fcndliche Pr\u00fcfungen<\/p>\n<p>&nbsp;<\/p>\n<p>25.07.\/28.07.2025 Anmeldung M10<\/p>\n<p>29.07.\/30.07.2025 Aufnahmepr\u00fcfungen<\/p>\n<p>&nbsp;<\/p>\n<p>&nbsp;<\/p>\n<p>&nbsp;<\/p>\n<p>&nbsp;<\/p>\n<p>&nbsp;<\/p>\n<p>&nbsp;<\/p>\n","protected":false},"excerpt":{"rendered":"<p>Termine QA 2026: 15.05.2026 K\/Ev\/Eth\/Isl, Ku\/Mu, Inf (schriftlich), Sport (Theorie &#8211; schriftlich) 18.05.- 21.05.2026 Sport (praktisch) 21.05. + 22.05.2026 DaZ m\u00fcndlich 09.06.\/10.06.\/11.06.2026 Englisch (m\u00fcndlich) 29.06.2026 Schriftliche Pr\u00fcfung Englisch 30.06.2026 Schriftliche Pr\u00fcfung Deutsch\/DaZ 01.07.2026 Schriftliche Pr\u00fcfung Mathematik 02.06.2026 Schriftliche Pr\u00fcfung GPG 03.06.2026 Schriftliche Pr\u00fcfung NT &nbsp; Projektpr\u00fcfung: 12.06.2026 Leittext\/Planungsphase 15.06.-18.06.2026 Durchf\u00fchrungsphase\/Pr\u00e4sentationen &nbsp; 08.07.-09.07.2025 M\u00fcndliche Pr\u00fcfungen &nbsp; [&hellip;]<\/p>\n","protected":false},"author":2,"featured_media":0,"parent":0,"menu_order":0,"comment_status":"closed","ping_status":"closed","template":"","meta":{"footnotes":""},"class_list":["post-157","page","type-page","status-publish","hentry"],"_links":{"self":[{"href":"https:\/\/willi-ulfig-ms.schulen.regensburg.de\/index.php?rest_route=\/wp\/v2\/pages\/157","targetHints":{"allow":["GET"]}}],"collection":[{"href":"https:\/\/willi-ulfig-ms.schulen.regensburg.de\/index.php?rest_route=\/wp\/v2\/pages"}],"about":[{"href":"https:\/\/willi-ulfig-ms.schulen.regensburg.de\/index.php?rest_route=\/wp\/v2\/types\/page"}],"author":[{"embeddable":true,"href":"https:\/\/willi-ulfig-ms.schulen.regensburg.de\/index.php?rest_route=\/wp\/v2\/users\/2"}],"replies":[{"embeddable":true,"href":"https:\/\/willi-ulfig-ms.schulen.regensburg.de\/index.php?rest_route=%2Fwp%2Fv2%2Fcomments&post=157"}],"version-history":[{"count":26,"href":"https:\/\/willi-ulfig-ms.schulen.regensburg.de\/index.php?rest_route=\/wp\/v2\/pages\/157\/revisions"}],"predecessor-version":[{"id":3128,"href":"https:\/\/willi-ulfig-ms.schulen.regensburg.de\/index.php?rest_route=\/wp\/v2\/pages\/157\/revisions\/3128"}],"wp:attachment":[{"href":"https:\/\/willi-ulfig-ms.schulen.regensburg.de\/index.php?rest_route=%2Fwp%2Fv2%2Fmedia&parent=157"}],"curies":[{"name":"wp","href":"https:\/\/api.w.org\/{rel}","templated":true}]}}